{"id":706,"date":"2024-10-16T10:52:42","date_gmt":"2024-10-16T15:52:42","guid":{"rendered":"https:\/\/csmanufacturing.us\/?page_id=706"},"modified":"2024-10-21T14:02:28","modified_gmt":"2024-10-21T19:02:28","slug":"cedar-springs-manufacturing-s-de-r-l-de-c-v","status":"publish","type":"page","link":"https:\/\/csmanufacturing.us\/index.php\/cedar-springs-manufacturing-s-de-r-l-de-c-v\/","title":{"rendered":"Cedar Springs Manufacturing S. de R.L. de C.V.\u00a0"},"content":{"rendered":"\t\t<div data-elementor-type=\"wp-page\" data-elementor-id=\"706\" class=\"elementor elementor-706\">\n\t\t\t\t\t\t<section class=\"elementor-section elementor-top-section elementor-element elementor-element-6927487 elementor-section-full_width elementor-section-height-default elementor-section-height-default\" data-id=\"6927487\" data-element_type=\"section\" data-e-type=\"section\">\n\t\t\t\t\t\t<div class=\"elementor-container elementor-column-gap-default\">\n\t\t\t\t\t<div class=\"elementor-column elementor-col-66 elementor-top-column elementor-element elementor-element-4f4d305\" data-id=\"4f4d305\" data-element_type=\"column\" data-e-type=\"column\">\n\t\t\t<div class=\"elementor-widget-wrap elementor-element-populated\">\n\t\t\t\t\t\t<div class=\"elementor-element elementor-element-8ff7ca8 elementor-widget elementor-widget-heading\" data-id=\"8ff7ca8\" data-element_type=\"widget\" data-e-type=\"widget\" data-widget_type=\"heading.default\">\n\t\t\t\t<div class=\"elementor-widget-container\">\n\t\t\t\t\t<h4 class=\"elementor-heading-title elementor-size-default\">San Luis Potosi, Mexico<\/h4>\t\t\t\t<\/div>\n\t\t\t\t<\/div>\n\t\t\t\t<div class=\"elementor-element elementor-element-c941f10 elementor-widget elementor-widget-html\" data-id=\"c941f10\" data-element_type=\"widget\" data-e-type=\"widget\" data-widget_type=\"html.default\">\n\t\t\t\t<div class=\"elementor-widget-container\">\n\t\t\t\t\t<center><p style=\"font-size:25px\">Calle Bangalore 304<br>Parque Industrial Logistik II<br>Villa De Reyes, San Luis Potosi<br>CP. 79526<\/p><\/center>\t\t\t\t<\/div>\n\t\t\t\t<\/div>\n\t\t\t\t<div class=\"elementor-element elementor-element-0e27d52 elementor-widget elementor-widget-image\" data-id=\"0e27d52\" data-element_type=\"widget\" data-e-type=\"widget\" data-widget_type=\"image.default\">\n\t\t\t\t<div class=\"elementor-widget-container\">\n\t\t\t\t\t\t\t\t\t\t\t\t\t\t\t<img fetchpriority=\"high\" decoding=\"async\" width=\"530\" height=\"186\" src=\"https:\/\/csmanufacturing.us\/wp-content\/uploads\/2024\/10\/Pull-Cuo.png\" class=\"attachment-large size-large wp-image-711\" alt=\"\" srcset=\"https:\/\/csmanufacturing.us\/wp-content\/uploads\/2024\/10\/Pull-Cuo.png 530w, https:\/\/csmanufacturing.us\/wp-content\/uploads\/2024\/10\/Pull-Cuo-300x105.png 300w\" sizes=\"(max-width: 530px) 100vw, 530px\" \/>\t\t\t\t\t\t\t\t\t\t\t\t\t\t\t<\/div>\n\t\t\t\t<\/div>\n\t\t\t\t<div class=\"elementor-element elementor-element-07c3b85 elementor-widget elementor-widget-image\" data-id=\"07c3b85\" data-element_type=\"widget\" data-e-type=\"widget\" data-widget_type=\"image.default\">\n\t\t\t\t<div class=\"elementor-widget-container\">\n\t\t\t\t\t\t\t\t\t\t\t\t\t\t\t<img decoding=\"async\" width=\"624\" height=\"150\" src=\"https:\/\/csmanufacturing.us\/wp-content\/uploads\/2024\/10\/Beltline.png\" class=\"attachment-large size-large wp-image-712\" alt=\"\" srcset=\"https:\/\/csmanufacturing.us\/wp-content\/uploads\/2024\/10\/Beltline.png 624w, https:\/\/csmanufacturing.us\/wp-content\/uploads\/2024\/10\/Beltline-300x72.png 300w\" sizes=\"(max-width: 624px) 100vw, 624px\" \/>\t\t\t\t\t\t\t\t\t\t\t\t\t\t\t<\/div>\n\t\t\t\t<\/div>\n\t\t\t\t\t<\/div>\n\t\t<\/div>\n\t\t\t\t<div class=\"elementor-column elementor-col-33 elementor-top-column elementor-element elementor-element-080a950\" data-id=\"080a950\" data-element_type=\"column\" data-e-type=\"column\">\n\t\t\t<div class=\"elementor-widget-wrap elementor-element-populated\">\n\t\t\t\t\t\t<div class=\"elementor-element elementor-element-32ab7d2 elementor-widget elementor-widget-image\" data-id=\"32ab7d2\" data-element_type=\"widget\" data-e-type=\"widget\" data-widget_type=\"image.default\">\n\t\t\t\t<div class=\"elementor-widget-container\">\n\t\t\t\t\t\t\t\t\t\t\t\t\t\t\t<img decoding=\"async\" width=\"1024\" height=\"312\" src=\"https:\/\/csmanufacturing.us\/wp-content\/uploads\/2024\/10\/SLP-Plant-1024x312.png\" class=\"attachment-large size-large wp-image-713\" alt=\"\" srcset=\"https:\/\/csmanufacturing.us\/wp-content\/uploads\/2024\/10\/SLP-Plant-1024x312.png 1024w, https:\/\/csmanufacturing.us\/wp-content\/uploads\/2024\/10\/SLP-Plant-300x91.png 300w, https:\/\/csmanufacturing.us\/wp-content\/uploads\/2024\/10\/SLP-Plant-768x234.png 768w, https:\/\/csmanufacturing.us\/wp-content\/uploads\/2024\/10\/SLP-Plant.png 1280w\" sizes=\"(max-width: 1024px) 100vw, 1024px\" \/>\t\t\t\t\t\t\t\t\t\t\t\t\t\t\t<\/div>\n\t\t\t\t<\/div>\n\t\t\t\t<div class=\"elementor-element elementor-element-6091df1 elementor-widget elementor-widget-html\" data-id=\"6091df1\" data-element_type=\"widget\" data-e-type=\"widget\" data-widget_type=\"html.default\">\n\t\t\t\t<div class=\"elementor-widget-container\">\n\t\t\t\t\t<p style=\"font-size:25px;\">\n    CS Manufacturing es una empresa de servicios integrales de moldeo por inyecci\u00f3n a medida que ha servido a Norteam\u00e9rica durante m\u00e1s de 35 a\u00f1os. Ofrecemos una gran variedad de servicios, incluyendo moldeo por inyecci\u00f3n, termoformado y ensamblaje, especializ\u00e1ndonos en la industria automotriz. Nos esforzamos por ofrecer calidad y ser eficientes, utilizando tecnolog\u00eda avanzada y personal cualificado para cumplir y superar las especificaciones del cliente. Nuestro compromiso con el servicio al cliente y la mejora continua nos distingue en el competitivo panorama de la fabricaci\u00f3n.<\/p>\t\t\t\t<\/div>\n\t\t\t\t<\/div>\n\t\t\t\t\t<\/div>\n\t\t<\/div>\n\t\t\t\t\t<\/div>\n\t\t<\/section>\n\t\t\t\t<\/div>\n\t\t","protected":false},"excerpt":{"rendered":"<p>San Luis Potosi, Mexico Calle Bangalore 304Parque Industrial Logistik IIVilla De Reyes, San Luis PotosiCP. 79526 CS Manufacturing es una empresa de servicios integrales de moldeo por inyecci\u00f3n a medida que ha servido a Norteam\u00e9rica durante m\u00e1s de 35 a\u00f1os. Ofrecemos una gran variedad de servicios, incluyendo moldeo por inyecci\u00f3n, termoformado y ensamblaje, especializ\u00e1ndonos en [&hellip;]<\/p>\n","protected":false},"author":1,"featured_media":0,"parent":0,"menu_order":0,"comment_status":"closed","ping_status":"closed","template":"","meta":{"footnotes":""},"class_list":["post-706","page","type-page","status-publish","hentry"],"_links":{"self":[{"href":"https:\/\/csmanufacturing.us\/index.php\/wp-json\/wp\/v2\/pages\/706","targetHints":{"allow":["GET"]}}],"collection":[{"href":"https:\/\/csmanufacturing.us\/index.php\/wp-json\/wp\/v2\/pages"}],"about":[{"href":"https:\/\/csmanufacturing.us\/index.php\/wp-json\/wp\/v2\/types\/page"}],"author":[{"embeddable":true,"href":"https:\/\/csmanufacturing.us\/index.php\/wp-json\/wp\/v2\/users\/1"}],"replies":[{"embeddable":true,"href":"https:\/\/csmanufacturing.us\/index.php\/wp-json\/wp\/v2\/comments?post=706"}],"version-history":[{"count":0,"href":"https:\/\/csmanufacturing.us\/index.php\/wp-json\/wp\/v2\/pages\/706\/revisions"}],"wp:attachment":[{"href":"https:\/\/csmanufacturing.us\/index.php\/wp-json\/wp\/v2\/media?parent=706"}],"curies":[{"name":"wp","href":"https:\/\/api.w.org\/{rel}","templated":true}]}}